{"id":62,"date":"2018-04-18T08:25:36","date_gmt":"2018-04-18T08:25:36","guid":{"rendered":"https:\/\/2code.info\/demo\/themes\/Discy\/Main\/?page_id=62"},"modified":"2018-04-18T08:25:36","modified_gmt":"2018-04-18T08:25:36","slug":"tum-kullanicilar","status":"publish","type":"page","link":"https:\/\/www.eticaretmerkezim.com\/ecompw\/tum-kullanicilar\/","title":{"rendered":"T\u00fcm Kullan\u0131c\u0131lar"},"content":{"rendered":"","protected":false},"excerpt":{"rendered":"","protected":false},"author":10,"featured_media":0,"parent":0,"menu_order":0,"comment_status":"closed","ping_status":"closed","template":"template-users.php","meta":[],"_links":{"self":[{"href":"https:\/\/www.eticaretmerkezim.com\/ecompw\/wp-json\/wp\/v2\/pages\/62"}],"collection":[{"href":"https:\/\/www.eticaretmerkezim.com\/ecompw\/wp-json\/wp\/v2\/pages"}],"about":[{"href":"https:\/\/www.eticaretmerkezim.com\/ecompw\/wp-json\/wp\/v2\/types\/page"}],"author":[{"embeddable":true,"href":"https:\/\/www.eticaretmerkezim.com\/ecompw\/wp-json\/wp\/v2\/users\/10"}],"replies":[{"embeddable":true,"href":"https:\/\/www.eticaretmerkezim.com\/ecompw\/wp-json\/wp\/v2\/comments?post=62"}],"version-history":[{"count":0,"href":"https:\/\/www.eticaretmerkezim.com\/ecompw\/wp-json\/wp\/v2\/pages\/62\/revisions"}],"wp:attachment":[{"href":"https:\/\/www.eticaretmerkezim.com\/ecompw\/wp-json\/wp\/v2\/media?parent=62"}],"curies":[{"name":"wp","href":"https:\/\/api.w.org\/{rel}","templated":true}]}}