{"id":58,"date":"2018-04-18T08:20:26","date_gmt":"2018-04-18T08:20:26","guid":{"rendered":"https:\/\/2code.info\/demo\/themes\/Discy\/Main\/?page_id=58"},"modified":"2021-07-31T23:44:32","modified_gmt":"2021-07-31T20:44:32","slug":"hakkimizda","status":"publish","type":"page","link":"https:\/\/www.eticaretmerkezim.com\/ecompw\/hakkimizda\/","title":{"rendered":"Hakk\u0131m\u0131zda"},"content":{"rendered":"<h2 style=\"text-align: center;\"><strong>Hakk\u0131m\u0131zda<\/strong><\/h2>\n<p>4 y\u0131ld\u0131r s\u00fcrd\u00fcrd\u00fc\u011f\u00fcm\u00fcz, <a href=\"https:\/\/www.yazilimkoyu.org\" target=\"_blank\" rel=\"noopener\">Yazilimkoyu.org<\/a>, <a href=\"http:\/\/startersland.com\/\" target=\"_blank\" rel=\"noopener\">Startersland.com<\/a> gibi gen\u00e7lere yetkinlik kazand\u0131rmak \u00fczere kurdu\u011fumuz sosyal sorumluluk projelerine <a href=\"https:\/\/www.eticaretmerkezim.com\/ecompw\">ecompw.com<\/a> ile bir yenisini ekledik.<\/p>\n<p>Kurucular\u0131m\u0131z; Serkan Ko\u00e7 ve Duhan Acar olarak 6 y\u0131ld\u0131r E-Ticaret ve Affiliate Marketing konular\u0131nda faaliyet g\u00f6steren giri\u015fimleri ile sekt\u00f6rde tecr\u00fcbe kazand\u0131k.<\/p>\n<p><strong>Hedefimiz:\u00a0<\/strong>E-Ticaret sekt\u00f6r\u00fcne yetkin profesyonelleri \u00fccretsiz olarak yeti\u015ftirmektir.<\/p>\n<p><strong>Vaatlerimiz:<\/strong><\/p>\n<ul>\n<li>E-Ticaret sekt\u00f6r\u00fcn\u00fcn en iyi profesyonellerinden \u00fccretsiz e\u011fitimler<\/li>\n<li>En iyi profesyonellerden sekt\u00f6re \u00f6zel payla\u015f\u0131mlar-haberler<\/li>\n<li>\u0130\u015f ve staj imkanlar\u0131<\/li>\n<li>Sekt\u00f6r\u00fcn \u00f6nde gelen liderlerinden Webinar&#8217;lar<\/li>\n<\/ul>\n<p><strong>\u0130htiya\u00e7lar\u0131m\u0131z:<\/strong><\/p>\n<ul>\n<li>Konusunda uzman e\u011fitmen profesyoneller<\/li>\n<li>E\u011fitimlere sponsorlar<\/li>\n<li>\u0130\u00e7erikleri payla\u015facak de\u011ferli E-ticaret profesyonellerine ihtiyac\u0131m\u0131z var.<\/li>\n<\/ul>\n<p><strong>Gelin hep birlikte sekt\u00f6r\u00fc geli\u015ftirelim.<\/strong><\/p>\n","protected":false},"excerpt":{"rendered":"<p>Hakk\u0131m\u0131zda 4 y\u0131ld\u0131r s\u00fcrd\u00fcrd\u00fc\u011f\u00fcm\u00fcz, Yazilimkoyu.org, Startersland.com gibi gen\u00e7lere yetkinlik kazand\u0131rmak \u00fczere kurdu\u011fumuz sosyal sorumluluk projelerine ecompw.com ile bir yenisini ekledik. Kurucular\u0131m\u0131z; Serkan Ko\u00e7 ve Duhan Acar olarak 6 y\u0131ld\u0131r E-Ticaret ve Affiliate Marketing konular\u0131nda faaliyet g\u00f6steren giri\u015fimleri ile sekt\u00f6rde tecr\u00fcbe kazand\u0131k. Hedefimiz:\u00a0E-Ticaret sekt\u00f6r\u00fcne yetkin profesyonelleri \u00fccretsiz olarak yeti\u015ftirmektir. Vaatlerimiz: E-Ticaret sekt\u00f6r\u00fcn\u00fcn en iyi profesyonellerinden \u00fccretsiz [&hellip;]<\/p>\n","protected":false},"author":10,"featured_media":0,"parent":0,"menu_order":0,"comment_status":"closed","ping_status":"closed","template":"","meta":[],"_links":{"self":[{"href":"https:\/\/www.eticaretmerkezim.com\/ecompw\/wp-json\/wp\/v2\/pages\/58"}],"collection":[{"href":"https:\/\/www.eticaretmerkezim.com\/ecompw\/wp-json\/wp\/v2\/pages"}],"about":[{"href":"https:\/\/www.eticaretmerkezim.com\/ecompw\/wp-json\/wp\/v2\/types\/page"}],"author":[{"embeddable":true,"href":"https:\/\/www.eticaretmerkezim.com\/ecompw\/wp-json\/wp\/v2\/users\/10"}],"replies":[{"embeddable":true,"href":"https:\/\/www.eticaretmerkezim.com\/ecompw\/wp-json\/wp\/v2\/comments?post=58"}],"version-history":[{"count":0,"href":"https:\/\/www.eticaretmerkezim.com\/ecompw\/wp-json\/wp\/v2\/pages\/58\/revisions"}],"wp:attachment":[{"href":"https:\/\/www.eticaretmerkezim.com\/ecompw\/wp-json\/wp\/v2\/media?parent=58"}],"curies":[{"name":"wp","href":"https:\/\/api.w.org\/{rel}","templated":true}]}}