{"id":34,"date":"2018-04-18T04:19:06","date_gmt":"2018-04-18T01:19:06","guid":{"rendered":"https:\/\/2code.info\/demo\/themes\/Discy\/Main\/?page_id=34"},"modified":"2018-04-18T04:19:06","modified_gmt":"2018-04-18T01:19:06","slug":"destek","status":"publish","type":"page","link":"https:\/\/www.eticaretmerkezim.com\/ecompw\/destek\/","title":{"rendered":"Destek"},"content":{"rendered":"<p>Tura kat\u0131larak ba\u015flamak i\u00e7in ihtiyac\u0131n\u0131z olan her \u015feyi \u00f6\u011frenin. H\u00e2l\u00e2 sorular\u0131n\u0131z varsa, geri gelin ve sabitlenmi\u015f makalelere g\u00f6z at\u0131n, yine de yard\u0131ma ihtiyac\u0131n\u0131z varsa bizimle ileti\u015fime ge\u00e7in: <a href=\"mailto:info@ecomproworld.com\">info@ecomproworld.com<\/a><\/p>\n","protected":false},"excerpt":{"rendered":"<p>Tura kat\u0131larak ba\u015flamak i\u00e7in ihtiyac\u0131n\u0131z olan her \u015feyi \u00f6\u011frenin. H\u00e2l\u00e2 sorular\u0131n\u0131z varsa, geri gelin ve sabitlenmi\u015f makalelere g\u00f6z at\u0131n, yine de yard\u0131ma ihtiyac\u0131n\u0131z varsa bizimle ileti\u015fime ge\u00e7in: info@ecomproworld.com<\/p>\n","protected":false},"author":10,"featured_media":0,"parent":0,"menu_order":0,"comment_status":"closed","ping_status":"closed","template":"template-faqs.php","meta":[],"_links":{"self":[{"href":"https:\/\/www.eticaretmerkezim.com\/ecompw\/wp-json\/wp\/v2\/pages\/34"}],"collection":[{"href":"https:\/\/www.eticaretmerkezim.com\/ecompw\/wp-json\/wp\/v2\/pages"}],"about":[{"href":"https:\/\/www.eticaretmerkezim.com\/ecompw\/wp-json\/wp\/v2\/types\/page"}],"author":[{"embeddable":true,"href":"https:\/\/www.eticaretmerkezim.com\/ecompw\/wp-json\/wp\/v2\/users\/10"}],"replies":[{"embeddable":true,"href":"https:\/\/www.eticaretmerkezim.com\/ecompw\/wp-json\/wp\/v2\/comments?post=34"}],"version-history":[{"count":0,"href":"https:\/\/www.eticaretmerkezim.com\/ecompw\/wp-json\/wp\/v2\/pages\/34\/revisions"}],"wp:attachment":[{"href":"https:\/\/www.eticaretmerkezim.com\/ecompw\/wp-json\/wp\/v2\/media?parent=34"}],"curies":[{"name":"wp","href":"https:\/\/api.w.org\/{rel}","templated":true}]}}