{"id":261,"date":"2021-07-13T14:06:01","date_gmt":"2021-07-13T11:06:01","guid":{"rendered":"https:\/\/ecompw.com\/?page_id=261"},"modified":"2022-03-10T21:35:07","modified_gmt":"2022-03-10T18:35:07","slug":"kullanim-kosullari","status":"publish","type":"page","link":"https:\/\/www.eticaretmerkezim.com\/ecompw\/kullanim-kosullari\/","title":{"rendered":"Kullan\u0131m Ko\u015fullar\u0131"},"content":{"rendered":"<p>Bilgilerinizi talep ediyoruz. Yaz\u0131l\u0131m K\u00f6y\u00fc bu bilgileri g\u00fcvenlik ve gizlilik prensipleri do\u011frultusunda korumay\u0131 hedeflemektedir. Bu bilgileri payla\u015farak 6698 say\u0131l\u0131 Ki\u015fisel Verilerin Korunmas\u0131 Kanunu uyar\u0131nca, Yaz\u0131l\u0131m K\u00f6y\u00fc taraf\u0131ndan taraf\u0131n\u0131za \u00e7e\u015fitli avantajlar\u0131n sa\u011flan\u0131p sunulabilmesi amac\u0131yla; kullan\u0131lmas\u0131na izin vermi\u015f bulunmaktas\u0131n\u0131z. Bunun yan\u0131nda, bu bilgiler sadece size sa\u011flanacak hizmetlerin kusursuz sunulabilmesi, telefon, sms ve\/veya e-posta yoluyla bildirimlerimizin ula\u015ft\u0131r\u0131labilmesi amac\u0131yla kaydedilecek, saklanacak, g\u00fcncellenecek, Ki\u015fisel Verilerin Korunmas\u0131 Kanunun\u2019da say\u0131lan \u015fekillerde i\u015flenebilecektir.<\/p>\n<p>Al\u0131nan bilgiler ancak resmi makamlar\u0131n talebi ve emredici h\u00fck\u00fcmler sebebiyle resmi makamlar ile payla\u015f\u0131labilecektir. Al\u0131nan bilgiler Yaz\u0131l\u0131m K\u00f6y\u00fc\u2019in faaliyet alan\u0131 d\u0131\u015f\u0131nda hi\u00e7bir alanda ticari sebeplerle kullan\u0131lmayacakt\u0131r.<\/p>\n<p><b><a href=\"https:\/\/www.eticaretmerkezim.com\/ecompw\/\">ecompw.com<\/a><\/b>\u00a0sitesi olarak ki\u015fisel gizlilik haklar\u0131n\u0131za sayg\u0131 duyuyor ve sitemizde ge\u00e7irdi\u011finiz s\u00fcre zarf\u0131nda bunu sa\u011flamak i\u00e7in \u00e7aba sarfediyoruz. Ki\u015fisel bilgilerinizin g\u00fcvenli\u011fi ile ilgili a\u00e7\u0131klamalar a\u015fa\u011f\u0131da a\u00e7\u0131klanm\u0131\u015f ve bilginize sunulmu\u015ftur.<\/p>\n<h2>Kay\u0131t Dosyalar\u0131<\/h2>\n<p>Bir\u00e7ok standard web sunucusunda oldu\u011fu gibi\u00a0<b><a href=\"https:\/\/www.eticaretmerkezim.com\/ecompw\/\">ecompw.com<\/a><\/b>\u2018da istatistiksel ama\u00e7l\u0131 log dosyalar\u0131 kayd\u0131 tutmaktad\u0131r. Bu dosyalar; ip adresiniz, internet servis sa\u011flay\u0131c\u0131n\u0131z, taray\u0131c\u0131n\u0131z\u0131n \u00f6zellikleri, i\u015fletim sisteminiz ve siteye giri\u015f-\u00e7\u0131k\u0131\u015f sayfalar\u0131n\u0131z gibi standard bilgileri i\u00e7ermektedir. Log dosyalar\u0131 kesinlikle istatistiksel ama\u00e7lar d\u0131\u015f\u0131nda kullan\u0131lmamakta ve mahremiyetinizi ihlal etmemektedir.Ip adresiniz ve di\u011fer bilgiler, \u015fahsi bilgileriniz ile ili\u015fkilendirilmemektedir.<\/p>\n<h2>\u00c7erezler (Cookies)<\/h2>\n<p>\u201cCookie \u2013 \u00c7erez\u201d kelimesi web sayfas\u0131 sunucusunun sizin bilgisayar\u0131n\u0131z\u0131n hard diskine yerle\u015ftirdi\u011fi ufak bir text dosyas\u0131n\u0131 tan\u0131mlamak i\u00e7in kullan\u0131lmaktad\u0131r. Sitemizin baz\u0131 b\u00f6l\u00fcmlerinde kullan\u0131c\u0131 kolayl\u0131\u011f\u0131 sa\u011flamak i\u00e7in \u00e7erez kullan\u0131l\u0131yor olabilir. Ayr\u0131ca sitede mevcut bulunan reklamlar arac\u0131l\u0131\u011f\u0131yla, reklam verilerinin toplanmas\u0131 i\u00e7in cookie ve web beacon kullan\u0131l\u0131yor olabilir. Bu tamamen sizin izninizle ger\u00e7ekle\u015fiyor olup, iste\u011finiz dahilinde internet taray\u0131c\u0131n\u0131z\u0131n ayarlar\u0131n\u0131 de\u011fi\u015ftirerek bunu engellemeniz m\u00fcmk\u00fcnd\u00fcr.<\/p>\n<h2>D\u0131\u015f Ba\u011flant\u0131lar<\/h2>\n<p><b><a href=\"https:\/\/www.eticaretmerkezim.com\/ecompw\/\">ecompw.com<\/a><\/b>\u00a0sitesi, sayfalar\u0131ndan farkl\u0131 internet adreslerine ba\u011flant\u0131 vermektedir.\u00a0<b><a href=\"https:\/\/www.eticaretmerkezim.com\/ecompw\/\">ecompw.com<\/a><\/b>\u00a0link verdi\u011fi, banner tan\u0131t\u0131m\u0131n\u0131 yapt\u0131\u011f\u0131 sitelerin i\u00e7eriklerinden veya gizlilik prensiplerinden sorumlu de\u011fildir. Burada bahsedilen ba\u011flant\u0131 verme i\u015flemi, hukuki olarak \u201cat\u0131fta bulunma\u201d olarak de\u011ferlendirilmektedir.<\/p>\n<h2>\u0130leti\u015fim<\/h2>\n<p><b><a href=\"https:\/\/www.eticaretmerkezim.com\/ecompw\/\">ecompw.com<\/a><\/b>\u00a0sitesinde uygulanan gizlilik politikas\u0131 ile ilgili; her t\u00fcrl\u00fc soru, g\u00f6r\u00fc\u015f, d\u00fc\u015f\u00fcncelerinizi ve mail \u00fcyeli\u011finden \u00e7\u0131kmak i\u00e7in bize iletisim@ecompw.com adresinden ula\u015fabilirsiniz.<\/p>\n","protected":false},"excerpt":{"rendered":"<p>Bilgilerinizi talep ediyoruz. Yaz\u0131l\u0131m K\u00f6y\u00fc bu bilgileri g\u00fcvenlik ve gizlilik prensipleri do\u011frultusunda korumay\u0131 hedeflemektedir. Bu bilgileri payla\u015farak 6698 say\u0131l\u0131 Ki\u015fisel Verilerin Korunmas\u0131 Kanunu uyar\u0131nca, Yaz\u0131l\u0131m K\u00f6y\u00fc taraf\u0131ndan taraf\u0131n\u0131za \u00e7e\u015fitli avantajlar\u0131n sa\u011flan\u0131p sunulabilmesi amac\u0131yla; kullan\u0131lmas\u0131na izin vermi\u015f bulunmaktas\u0131n\u0131z. Bunun yan\u0131nda, bu bilgiler sadece size sa\u011flanacak hizmetlerin kusursuz sunulabilmesi, telefon, sms ve\/veya e-posta yoluyla bildirimlerimizin ula\u015ft\u0131r\u0131labilmesi amac\u0131yla [&hellip;]<\/p>\n","protected":false},"author":10,"featured_media":0,"parent":0,"menu_order":0,"comment_status":"closed","ping_status":"closed","template":"","meta":[],"_links":{"self":[{"href":"https:\/\/www.eticaretmerkezim.com\/ecompw\/wp-json\/wp\/v2\/pages\/261"}],"collection":[{"href":"https:\/\/www.eticaretmerkezim.com\/ecompw\/wp-json\/wp\/v2\/pages"}],"about":[{"href":"https:\/\/www.eticaretmerkezim.com\/ecompw\/wp-json\/wp\/v2\/types\/page"}],"author":[{"embeddable":true,"href":"https:\/\/www.eticaretmerkezim.com\/ecompw\/wp-json\/wp\/v2\/users\/10"}],"replies":[{"embeddable":true,"href":"https:\/\/www.eticaretmerkezim.com\/ecompw\/wp-json\/wp\/v2\/comments?post=261"}],"version-history":[{"count":2,"href":"https:\/\/www.eticaretmerkezim.com\/ecompw\/wp-json\/wp\/v2\/pages\/261\/revisions"}],"predecessor-version":[{"id":22986,"href":"https:\/\/www.eticaretmerkezim.com\/ecompw\/wp-json\/wp\/v2\/pages\/261\/revisions\/22986"}],"wp:attachment":[{"href":"https:\/\/www.eticaretmerkezim.com\/ecompw\/wp-json\/wp\/v2\/media?parent=261"}],"curies":[{"name":"wp","href":"https:\/\/api.w.org\/{rel}","templated":true}]}}