{"id":22973,"date":"2022-03-10T17:22:16","date_gmt":"2022-03-10T14:22:16","guid":{"rendered":"https:\/\/www.eticaretmerkezim.com\/ecompw\/?page_id=22973"},"modified":"2022-03-10T17:22:26","modified_gmt":"2022-03-10T14:22:26","slug":"giris-seviye-google-ads-egitimi-basvuru","status":"publish","type":"page","link":"https:\/\/www.eticaretmerkezim.com\/ecompw\/giris-seviye-google-ads-egitimi-basvuru\/","title":{"rendered":"Giri\u015f Seviye Google ADS E\u011fitimi Ba\u015fvuru"},"content":{"rendered":"<div class=\"alert-message error\"><i class=\"icon-cancel\"><\/i><p>\u00dczg\u00fcn\u00fcz, e\u011fitime kay\u0131t olmak i\u00e7in giri\u015f yapmal\u0131s\u0131n\u0131z.<\/p><\/div> \r\n<a class=\"sign-in-lock mob-sign-in\" href=\"\/giri\u015f\/\" data-toggle=\"modal\"><i class=\"icon-user\"><\/i><\/a>\r\n<a class=\"button-default button-sign-in\" href=\"\/giri\u015f\/\" data-toggle=\"modal\">Giri\u015f Yap<\/a><a class=\"button-default-2 button-sign-up\" href=\"\/kayit-ol\/\">Kay\u0131t Ol<\/a>\n","protected":false},"excerpt":{"rendered":"","protected":false},"author":10,"featured_media":0,"parent":0,"menu_order":0,"comment_status":"closed","ping_status":"closed","template":"","meta":[],"_links":{"self":[{"href":"https:\/\/www.eticaretmerkezim.com\/ecompw\/wp-json\/wp\/v2\/pages\/22973"}],"collection":[{"href":"https:\/\/www.eticaretmerkezim.com\/ecompw\/wp-json\/wp\/v2\/pages"}],"about":[{"href":"https:\/\/www.eticaretmerkezim.com\/ecompw\/wp-json\/wp\/v2\/types\/page"}],"author":[{"embeddable":true,"href":"https:\/\/www.eticaretmerkezim.com\/ecompw\/wp-json\/wp\/v2\/users\/10"}],"replies":[{"embeddable":true,"href":"https:\/\/www.eticaretmerkezim.com\/ecompw\/wp-json\/wp\/v2\/comments?post=22973"}],"version-history":[{"count":2,"href":"https:\/\/www.eticaretmerkezim.com\/ecompw\/wp-json\/wp\/v2\/pages\/22973\/revisions"}],"predecessor-version":[{"id":22975,"href":"https:\/\/www.eticaretmerkezim.com\/ecompw\/wp-json\/wp\/v2\/pages\/22973\/revisions\/22975"}],"wp:attachment":[{"href":"https:\/\/www.eticaretmerkezim.com\/ecompw\/wp-json\/wp\/v2\/media?parent=22973"}],"curies":[{"name":"wp","href":"https:\/\/api.w.org\/{rel}","templated":true}]}}