{"id":22531,"date":"2022-02-07T12:50:22","date_gmt":"2022-02-07T09:50:22","guid":{"rendered":"https:\/\/www.eticaretmerkezim.com\/ecompw\/?page_id=22531"},"modified":"2022-02-07T12:53:27","modified_gmt":"2022-02-07T09:53:27","slug":"e-ticarette-basari-webinari-kayit","status":"publish","type":"page","link":"https:\/\/www.eticaretmerkezim.com\/ecompw\/e-ticarette-basari-webinari-kayit\/","title":{"rendered":"E-Ticaret\u2019te Ba\u015far\u0131 Webinar\u2019\u0131 Kay\u0131t"},"content":{"rendered":"<div class=\"alert-message error\"><i class=\"icon-cancel\"><\/i><p>\u00dczg\u00fcn\u00fcz, webinara kay\u0131t olmak  i\u00e7in giri\u015f yapmal\u0131s\u0131n\u0131z.<\/p><\/div> \r\n<a class=\"sign-in-lock mob-sign-in\" href=\"\/giri\u015f\/\" data-toggle=\"modal\"><i class=\"icon-user\"><\/i><\/a>\r\n<a class=\"button-default button-sign-in\" href=\"\/giri\u015f\/\" data-toggle=\"modal\">Giri\u015f Yap<\/a><a class=\"button-default-2 button-sign-up\" href=\"\/kayit-ol\/\">Kay\u0131t Ol<\/a>\n","protected":false},"excerpt":{"rendered":"","protected":false},"author":10,"featured_media":0,"parent":0,"menu_order":0,"comment_status":"closed","ping_status":"closed","template":"template-contact.php","meta":[],"_links":{"self":[{"href":"https:\/\/www.eticaretmerkezim.com\/ecompw\/wp-json\/wp\/v2\/pages\/22531"}],"collection":[{"href":"https:\/\/www.eticaretmerkezim.com\/ecompw\/wp-json\/wp\/v2\/pages"}],"about":[{"href":"https:\/\/www.eticaretmerkezim.com\/ecompw\/wp-json\/wp\/v2\/types\/page"}],"author":[{"embeddable":true,"href":"https:\/\/www.eticaretmerkezim.com\/ecompw\/wp-json\/wp\/v2\/users\/10"}],"replies":[{"embeddable":true,"href":"https:\/\/www.eticaretmerkezim.com\/ecompw\/wp-json\/wp\/v2\/comments?post=22531"}],"version-history":[{"count":3,"href":"https:\/\/www.eticaretmerkezim.com\/ecompw\/wp-json\/wp\/v2\/pages\/22531\/revisions"}],"predecessor-version":[{"id":22535,"href":"https:\/\/www.eticaretmerkezim.com\/ecompw\/wp-json\/wp\/v2\/pages\/22531\/revisions\/22535"}],"wp:attachment":[{"href":"https:\/\/www.eticaretmerkezim.com\/ecompw\/wp-json\/wp\/v2\/media?parent=22531"}],"curies":[{"name":"wp","href":"https:\/\/api.w.org\/{rel}","templated":true}]}}