{"id":20406,"date":"2021-10-18T15:41:49","date_gmt":"2021-10-18T12:41:49","guid":{"rendered":"https:\/\/www.eticaretmerkezim.com\/ecompw\/?page_id=20406"},"modified":"2021-10-18T15:46:40","modified_gmt":"2021-10-18T12:46:40","slug":"digital-exchange","status":"publish","type":"page","link":"https:\/\/www.eticaretmerkezim.com\/ecompw\/digital-exchange\/","title":{"rendered":"Digital Exchange"},"content":{"rendered":"<div><img decoding=\"async\" loading=\"lazy\" class=\"size-full wp-image-20408 alignleft\" src=\"https:\/\/www.eticaretmerkezim.com\/ecompw\/wp-content\/uploads\/2021\/10\/ecompw-partnerlerimiz-digital-exchange.jpg\" alt=\"\" width=\"344\" height=\"210\" srcset=\"https:\/\/www.eticaretmerkezim.com\/ecompw\/wp-content\/uploads\/2021\/10\/ecompw-partnerlerimiz-digital-exchange.jpg 344w, https:\/\/www.eticaretmerkezim.com\/ecompw\/wp-content\/uploads\/2021\/10\/ecompw-partnerlerimiz-digital-exchange-300x183.jpg 300w\" sizes=\"(max-width: 344px) 100vw, 344px\" \/>Dijital Fabrika yakla\u015f\u0131m\u0131yla hareket eden Digital Exchange, markalar\u0131n her noktas\u0131na dokunabilen, 360 derece hizmet veren bir dijital pazarlama ajanst\u0131r. T\u00fcrkiye&#8217;nin \u00f6nde gelen bir teknoloji \u015firketinin yat\u0131r\u0131mlar\u0131yla kurulan DEX (Digital Exchange), dijital reklam d\u00fcnyas\u0131nda att\u0131\u011f\u0131 \u00f6nemli ad\u0131mlar\u0131n yan\u0131 s\u0131ra kendi geli\u015ftirdi\u011fi yapay zeka destekli platformlarla da fark yarat\u0131yor. Digital Exchange \u00e7\u0131kt\u0131\u011f\u0131 yolculukta kendi geli\u015ftirdi\u011fi 2Gether Social, Medialogy, Rawy, Accumulate ve \u0130hracat.in gibi platformlarla birlikte reklamc\u0131l\u0131\u011f\u0131n t\u00fcm alanlar\u0131nda size profesyonel hizmet veriyor.<br \/>\nDigital Exchange hakk\u0131nda daha fazla bilgi almak i\u00e7in :<br \/>\n<a href=\"http:\/\/www.digitalexchange.com.tr\/\" target=\"_blank\" rel=\"noopener\" data-saferedirecturl=\"https:\/\/www.google.com\/url?q=http:\/\/www.digitalexchange.com.tr&amp;source=gmail&amp;ust=1634647027169000&amp;usg=AFQjCNFrb7-HTuvmL3bVGaKVUL4r1NMw_A\">www.digitalexchange.com.tr<\/a><\/div>\n<div><a href=\"http:\/\/www.dijitalfabrika.biz\/\" target=\"_blank\" rel=\"noopener\" data-saferedirecturl=\"https:\/\/www.google.com\/url?q=http:\/\/www.dijitalfabrika.biz&amp;source=gmail&amp;ust=1634647027169000&amp;usg=AFQjCNFsSE0iP2L-vQAvuKJgdQmeEE6OJQ\">www.dijitalfabrika.biz<\/a><\/div>\n<p><iframe loading=\"lazy\" width=\"100%\" height=\"400\" src=\"https:\/\/www.youtube.com\/embed\/uNGME_cUJaY\" title=\"YouTube video player\" frameborder=\"0\" allow=\"accelerometer; autoplay; clipboard-write; encrypted-media; gyroscope; picture-in-picture\" allowfullscreen><\/iframe><\/p>\n<div>\n<h3>Digital Exchange Ba\u015fvuru Yap<\/h3>\n\n<div class=\"wpcf7 no-js\" id=\"wpcf7-f720-o1\" lang=\"tr-TR\" dir=\"ltr\">\n<div class=\"screen-reader-response\"><p role=\"status\" aria-live=\"polite\" aria-atomic=\"true\"><\/p> <ul><\/ul><\/div>\n<form action=\"\/ecompw\/wp-json\/wp\/v2\/pages\/20406#wpcf7-f720-o1\" method=\"post\" class=\"wpcf7-form init\" aria-label=\"Contact form\" novalidate=\"novalidate\" data-status=\"init\">\n<div style=\"display: none;\">\n<input type=\"hidden\" name=\"_wpcf7\" value=\"720\" \/>\n<input type=\"hidden\" name=\"_wpcf7_version\" value=\"5.7.4\" \/>\n<input type=\"hidden\" name=\"_wpcf7_locale\" value=\"tr_TR\" \/>\n<input type=\"hidden\" name=\"_wpcf7_unit_tag\" value=\"wpcf7-f720-o1\" \/>\n<input type=\"hidden\" name=\"_wpcf7_container_post\" value=\"0\" \/>\n<input type=\"hidden\" name=\"_wpcf7_posted_data_hash\" value=\"\" \/>\n<\/div>\n<div class=\"form-input\">\n\t<p><i class=\"icon-vcard\"><\/i>Ad\u0131n\u0131z*<br \/>\n<span class=\"wpcf7-form-control-wrap\" data-name=\"your-name\"><input size=\"40\" class=\"wpcf7-form-control wpcf7-text wpcf7-validates-as-required\" aria-required=\"true\" aria-invalid=\"false\" value=\"\" type=\"text\" name=\"your-name\" \/><\/span>\n\t<\/p>\n<\/div>\n<div class=\"form-input\">\n\t<p><i class=\"icon-vcard\"><\/i>Soyad\u0131n\u0131z*<br \/>\n<span class=\"wpcf7-form-control-wrap\" data-name=\"your-surname\"><input size=\"40\" class=\"wpcf7-form-control wpcf7-text wpcf7-validates-as-required\" aria-required=\"true\" aria-invalid=\"false\" value=\"\" type=\"text\" name=\"your-surname\" \/><\/span>\n\t<\/p>\n<\/div>\n<div class=\"form-input\">\n\t<p><i class=\"icon-mail\"><\/i>Email*<br \/>\n<span class=\"wpcf7-form-control-wrap\" data-name=\"your-email\"><input size=\"40\" class=\"wpcf7-form-control wpcf7-text wpcf7-email wpcf7-validates-as-required wpcf7-validates-as-email\" aria-required=\"true\" aria-invalid=\"false\" value=\"\" type=\"email\" name=\"your-email\" \/><\/span>\n\t<\/p>\n<\/div>\n<div class=\"form-input\">\n\t<p><i class=\"icon-phone\"><\/i>Telefon*<br \/>\n<span class=\"wpcf7-form-control-wrap telefon-no\"><input type=\"text\" value=\"\" name=\"telefon-no\" class=\"wpcf7-form-control wpcf7mf-mask wpcf7-mask wpcf7-validates-as-required\" size=\"40\" aria-required=\"1\" aria-invalid=\"\" placeholder=\"+09 (5__) ___-__-__\" data-mask=\"+09 (5__) ___-__-__\" \/><\/span>\n\t<\/p>\n<\/div>\n<div class=\"form-input form-input-last\">\n\t<p><i class=\"icon-inbox\"><\/i>Ekleme \u0130stedikleriniz*<br \/>\n<span class=\"wpcf7-form-control-wrap\" data-name=\"basvuru-detaylari\"><textarea cols=\"40\" rows=\"10\" class=\"wpcf7-form-control wpcf7-textarea wpcf7-validates-as-required\" aria-required=\"true\" aria-invalid=\"false\" placeholder=\"Eklemek istedi\u011finiz bilgileri buraya yazabilirsiniz..\" name=\"basvuru-detaylari\"><\/textarea><\/span>\n\t<\/p>\n<\/div>\n<p><input class=\"wpcf7-form-control has-spinner wpcf7-submit button-default\" type=\"submit\" value=\"Hemen Ba\u015fvur\" \/>\n<\/p><p style=\"display: none !important;\"><label>&#916;<textarea name=\"_wpcf7_ak_hp_textarea\" cols=\"45\" rows=\"8\" maxlength=\"100\"><\/textarea><\/label><input type=\"hidden\" id=\"ak_js_1\" name=\"_wpcf7_ak_js\" value=\"60\"\/><script>document.getElementById( \"ak_js_1\" ).setAttribute( \"value\", ( new Date() ).getTime() );<\/script><\/p><input type='hidden' class='wpcf7-pum' value='{\"closepopup\":false,\"closedelay\":0,\"openpopup\":false,\"openpopup_id\":0}' \/><div class=\"wpcf7-response-output\" aria-hidden=\"true\"><\/div>\n<\/form>\n<\/div>\n\n<\/div>\n","protected":false},"excerpt":{"rendered":"<p>Dijital Fabrika yakla\u015f\u0131m\u0131yla hareket eden Digital Exchange, markalar\u0131n her noktas\u0131na dokunabilen, 360 derece hizmet veren bir dijital pazarlama ajanst\u0131r. T\u00fcrkiye&#8217;nin \u00f6nde gelen bir teknoloji \u015firketinin yat\u0131r\u0131mlar\u0131yla kurulan DEX (Digital Exchange), dijital reklam d\u00fcnyas\u0131nda att\u0131\u011f\u0131 \u00f6nemli ad\u0131mlar\u0131n yan\u0131 s\u0131ra kendi geli\u015ftirdi\u011fi yapay zeka destekli platformlarla da fark yarat\u0131yor. Digital Exchange \u00e7\u0131kt\u0131\u011f\u0131 yolculukta kendi geli\u015ftirdi\u011fi 2Gether Social, [&hellip;]<\/p>\n","protected":false},"author":10,"featured_media":0,"parent":0,"menu_order":0,"comment_status":"closed","ping_status":"closed","template":"template-contact.php","meta":[],"_links":{"self":[{"href":"https:\/\/www.eticaretmerkezim.com\/ecompw\/wp-json\/wp\/v2\/pages\/20406"}],"collection":[{"href":"https:\/\/www.eticaretmerkezim.com\/ecompw\/wp-json\/wp\/v2\/pages"}],"about":[{"href":"https:\/\/www.eticaretmerkezim.com\/ecompw\/wp-json\/wp\/v2\/types\/page"}],"author":[{"embeddable":true,"href":"https:\/\/www.eticaretmerkezim.com\/ecompw\/wp-json\/wp\/v2\/users\/10"}],"replies":[{"embeddable":true,"href":"https:\/\/www.eticaretmerkezim.com\/ecompw\/wp-json\/wp\/v2\/comments?post=20406"}],"version-history":[{"count":3,"href":"https:\/\/www.eticaretmerkezim.com\/ecompw\/wp-json\/wp\/v2\/pages\/20406\/revisions"}],"predecessor-version":[{"id":20412,"href":"https:\/\/www.eticaretmerkezim.com\/ecompw\/wp-json\/wp\/v2\/pages\/20406\/revisions\/20412"}],"wp:attachment":[{"href":"https:\/\/www.eticaretmerkezim.com\/ecompw\/wp-json\/wp\/v2\/media?parent=20406"}],"curies":[{"name":"wp","href":"https:\/\/api.w.org\/{rel}","templated":true}]}}