{"id":1317,"date":"2021-07-29T13:02:57","date_gmt":"2021-07-29T10:02:57","guid":{"rendered":"https:\/\/www.eticaretmerkezim.com\/ecompw\/?page_id=1317"},"modified":"2021-07-29T13:04:10","modified_gmt":"2021-07-29T10:04:10","slug":"performics","status":"publish","type":"page","link":"https:\/\/www.eticaretmerkezim.com\/ecompw\/performics\/","title":{"rendered":"Performics"},"content":{"rendered":"<p><strong><img decoding=\"async\" loading=\"lazy\" class=\"size-medium wp-image-255 alignleft\" src=\"https:\/\/www.eticaretmerkezim.com\/ecompw\/wp-content\/uploads\/2021\/07\/referanslar-performics-2-300x183.jpg\" alt=\"\" width=\"300\" height=\"183\" srcset=\"https:\/\/www.eticaretmerkezim.com\/ecompw\/wp-content\/uploads\/2021\/07\/referanslar-performics-2-300x183.jpg 300w, https:\/\/www.eticaretmerkezim.com\/ecompw\/wp-content\/uploads\/2021\/07\/referanslar-performics-2.jpg 344w\" sizes=\"(max-width: 300px) 100vw, 300px\" \/>Performans Pazarlamas\u0131n\u0131 Yeniden Tan\u0131ml\u0131yoruz<\/strong><\/p>\n<p>T\u00fcketiciler media kanallar\u0131n\u0131 ve pazarlama mesajlar\u0131n\u0131 de\u011fil ya\u015fam tarzlar\u0131ndan kaynaklanan ihtiya\u00e7lar\u0131n\u0131 ve ki\u015fisel tercihlerini \u00f6nemser. Performics, bu ihtiya\u00e7lara cevap verebilmek i\u00e7in do\u011fru mesaj\u0131 do\u011fru ki\u015fiye do\u011fru zamanda do\u011fru yerde sunabilmek ad\u0131na etkin media planlar\u0131 ve \u00e7ekici i\u00e7erikler haz\u0131rlar.<\/p>\n<p><strong>The \u201cOriginal Performance Marketing Firm\u201d<\/strong><\/p>\n<p>1998 y\u0131l\u0131nda kurulan Performics zaman i\u00e7inde belirgin bir evrim ge\u00e7irdi. Ba\u015flang\u0131\u00e7ta Affiliate A\u011f\u0131 hizmetleri sunarken daha sonra SEM (Arama Motoru Bazl\u0131 Pazarlama) ve SEO (Arama Motoru Optimizasyonu) uzmanl\u0131\u011f\u0131m\u0131z ile performans pazarlama alan\u0131n\u0131n \u00f6nc\u00fcs\u00fc olduk. 18 y\u0131l boyunca tek bir ama\u00e7 u\u011fruna, durmak bilmeden m\u00fc\u015fterilerimizi ba\u015far\u0131ya ula\u015ft\u0131rmak ad\u0131na verileri, teknolojiyi ve medyay\u0131 yenilik\u00e7i \u015fekillerde kullanarak bu sekt\u00f6rde yeni ufuklar a\u00e7t\u0131k. DoubleClick taraf\u0131ndan kurulduk. Google taraf\u0131ndan satin al\u0131nd\u0131k. \u015eimdi de Publicis Groupe\u2019un t\u00fcm performans pazarlama \u00e7\u00f6z\u00fcmlerini sa\u011fl\u0131yoruz.<\/p>\n<p><strong>Performics Ba\u015fvuru<\/strong><\/p>\n\n<div class=\"wpcf7 no-js\" id=\"wpcf7-f720-o1\" lang=\"tr-TR\" dir=\"ltr\">\n<div class=\"screen-reader-response\"><p role=\"status\" aria-live=\"polite\" aria-atomic=\"true\"><\/p> <ul><\/ul><\/div>\n<form action=\"\/ecompw\/wp-json\/wp\/v2\/pages\/1317#wpcf7-f720-o1\" method=\"post\" class=\"wpcf7-form init\" aria-label=\"Contact form\" novalidate=\"novalidate\" data-status=\"init\">\n<div style=\"display: none;\">\n<input type=\"hidden\" name=\"_wpcf7\" value=\"720\" \/>\n<input type=\"hidden\" name=\"_wpcf7_version\" value=\"5.7.4\" \/>\n<input type=\"hidden\" name=\"_wpcf7_locale\" value=\"tr_TR\" \/>\n<input type=\"hidden\" name=\"_wpcf7_unit_tag\" value=\"wpcf7-f720-o1\" \/>\n<input type=\"hidden\" name=\"_wpcf7_container_post\" value=\"0\" \/>\n<input type=\"hidden\" name=\"_wpcf7_posted_data_hash\" value=\"\" \/>\n<\/div>\n<div class=\"form-input\">\n\t<p><i class=\"icon-vcard\"><\/i>Ad\u0131n\u0131z*<br \/>\n<span class=\"wpcf7-form-control-wrap\" data-name=\"your-name\"><input size=\"40\" class=\"wpcf7-form-control wpcf7-text wpcf7-validates-as-required\" aria-required=\"true\" aria-invalid=\"false\" value=\"\" type=\"text\" name=\"your-name\" \/><\/span>\n\t<\/p>\n<\/div>\n<div class=\"form-input\">\n\t<p><i class=\"icon-vcard\"><\/i>Soyad\u0131n\u0131z*<br \/>\n<span class=\"wpcf7-form-control-wrap\" data-name=\"your-surname\"><input size=\"40\" class=\"wpcf7-form-control wpcf7-text wpcf7-validates-as-required\" aria-required=\"true\" aria-invalid=\"false\" value=\"\" type=\"text\" name=\"your-surname\" \/><\/span>\n\t<\/p>\n<\/div>\n<div class=\"form-input\">\n\t<p><i class=\"icon-mail\"><\/i>Email*<br \/>\n<span class=\"wpcf7-form-control-wrap\" data-name=\"your-email\"><input size=\"40\" class=\"wpcf7-form-control wpcf7-text wpcf7-email wpcf7-validates-as-required wpcf7-validates-as-email\" aria-required=\"true\" aria-invalid=\"false\" value=\"\" type=\"email\" name=\"your-email\" \/><\/span>\n\t<\/p>\n<\/div>\n<div class=\"form-input\">\n\t<p><i class=\"icon-phone\"><\/i>Telefon*<br \/>\n<span class=\"wpcf7-form-control-wrap telefon-no\"><input type=\"text\" value=\"\" name=\"telefon-no\" class=\"wpcf7-form-control wpcf7mf-mask wpcf7-mask wpcf7-validates-as-required\" size=\"40\" aria-required=\"1\" aria-invalid=\"\" placeholder=\"+09 (5__) ___-__-__\" data-mask=\"+09 (5__) ___-__-__\" \/><\/span>\n\t<\/p>\n<\/div>\n<div class=\"form-input form-input-last\">\n\t<p><i class=\"icon-inbox\"><\/i>Ekleme \u0130stedikleriniz*<br \/>\n<span class=\"wpcf7-form-control-wrap\" data-name=\"basvuru-detaylari\"><textarea cols=\"40\" rows=\"10\" class=\"wpcf7-form-control wpcf7-textarea wpcf7-validates-as-required\" aria-required=\"true\" aria-invalid=\"false\" placeholder=\"Eklemek istedi\u011finiz bilgileri buraya yazabilirsiniz..\" name=\"basvuru-detaylari\"><\/textarea><\/span>\n\t<\/p>\n<\/div>\n<p><input class=\"wpcf7-form-control has-spinner wpcf7-submit button-default\" type=\"submit\" value=\"Hemen Ba\u015fvur\" \/>\n<\/p><p style=\"display: none !important;\"><label>&#916;<textarea name=\"_wpcf7_ak_hp_textarea\" cols=\"45\" rows=\"8\" maxlength=\"100\"><\/textarea><\/label><input type=\"hidden\" id=\"ak_js_1\" name=\"_wpcf7_ak_js\" value=\"248\"\/><script>document.getElementById( \"ak_js_1\" ).setAttribute( \"value\", ( new Date() ).getTime() );<\/script><\/p><input type='hidden' class='wpcf7-pum' value='{\"closepopup\":false,\"closedelay\":0,\"openpopup\":false,\"openpopup_id\":0}' \/><div class=\"wpcf7-response-output\" aria-hidden=\"true\"><\/div>\n<\/form>\n<\/div>\n\n","protected":false},"excerpt":{"rendered":"<p>Performans Pazarlamas\u0131n\u0131 Yeniden Tan\u0131ml\u0131yoruz T\u00fcketiciler media kanallar\u0131n\u0131 ve pazarlama mesajlar\u0131n\u0131 de\u011fil ya\u015fam tarzlar\u0131ndan kaynaklanan ihtiya\u00e7lar\u0131n\u0131 ve ki\u015fisel tercihlerini \u00f6nemser. Performics, bu ihtiya\u00e7lara cevap verebilmek i\u00e7in do\u011fru mesaj\u0131 do\u011fru ki\u015fiye do\u011fru zamanda do\u011fru yerde sunabilmek ad\u0131na etkin media planlar\u0131 ve \u00e7ekici i\u00e7erikler haz\u0131rlar. The \u201cOriginal Performance Marketing Firm\u201d 1998 y\u0131l\u0131nda kurulan Performics zaman i\u00e7inde belirgin bir [&hellip;]<\/p>\n","protected":false},"author":10,"featured_media":0,"parent":0,"menu_order":0,"comment_status":"closed","ping_status":"closed","template":"template-contact.php","meta":[],"_links":{"self":[{"href":"https:\/\/www.eticaretmerkezim.com\/ecompw\/wp-json\/wp\/v2\/pages\/1317"}],"collection":[{"href":"https:\/\/www.eticaretmerkezim.com\/ecompw\/wp-json\/wp\/v2\/pages"}],"about":[{"href":"https:\/\/www.eticaretmerkezim.com\/ecompw\/wp-json\/wp\/v2\/types\/page"}],"author":[{"embeddable":true,"href":"https:\/\/www.eticaretmerkezim.com\/ecompw\/wp-json\/wp\/v2\/users\/10"}],"replies":[{"embeddable":true,"href":"https:\/\/www.eticaretmerkezim.com\/ecompw\/wp-json\/wp\/v2\/comments?post=1317"}],"version-history":[{"count":0,"href":"https:\/\/www.eticaretmerkezim.com\/ecompw\/wp-json\/wp\/v2\/pages\/1317\/revisions"}],"wp:attachment":[{"href":"https:\/\/www.eticaretmerkezim.com\/ecompw\/wp-json\/wp\/v2\/media?parent=1317"}],"curies":[{"name":"wp","href":"https:\/\/api.w.org\/{rel}","templated":true}]}}