{"id":11865,"date":"2021-09-23T13:38:05","date_gmt":"2021-09-23T10:38:05","guid":{"rendered":"https:\/\/www.eticaretmerkezim.com\/ecompw\/?page_id=11865"},"modified":"2021-10-31T00:32:29","modified_gmt":"2021-10-30T21:32:29","slug":"aykut-alcelik-ile-ileri-seviye-google-ads-egitimi-basvuru","status":"publish","type":"page","link":"https:\/\/www.eticaretmerkezim.com\/ecompw\/aykut-alcelik-ile-ileri-seviye-google-ads-egitimi-basvuru\/","title":{"rendered":"Aykut Al\u00e7elik ile \u0130leri Seviye Google Ads E\u011fitimi Ba\u015fvuru"},"content":{"rendered":"<p style=\"text-align: center;\">&#8220;Aykut Al\u00e7elik ile \u0130leri Seviye Google Ads E\u011fitimi&#8221; ba\u015fvuru s\u00fcresi dolmu\u015ftur. Detayl\u0131 bilgi i\u00e7in <a href=\"https:\/\/www.eticaretmerkezim.com\/ecompw\/\">t\u0131klay\u0131n\u0131z<\/a>.<\/p>\n","protected":false},"excerpt":{"rendered":"<p>&#8220;Aykut Al\u00e7elik ile \u0130leri Seviye Google Ads E\u011fitimi&#8221; ba\u015fvuru s\u00fcresi dolmu\u015ftur. Detayl\u0131 bilgi i\u00e7in t\u0131klay\u0131n\u0131z.<\/p>\n","protected":false},"author":10,"featured_media":0,"parent":0,"menu_order":0,"comment_status":"closed","ping_status":"closed","template":"template-contact.php","meta":[],"_links":{"self":[{"href":"https:\/\/www.eticaretmerkezim.com\/ecompw\/wp-json\/wp\/v2\/pages\/11865"}],"collection":[{"href":"https:\/\/www.eticaretmerkezim.com\/ecompw\/wp-json\/wp\/v2\/pages"}],"about":[{"href":"https:\/\/www.eticaretmerkezim.com\/ecompw\/wp-json\/wp\/v2\/types\/page"}],"author":[{"embeddable":true,"href":"https:\/\/www.eticaretmerkezim.com\/ecompw\/wp-json\/wp\/v2\/users\/10"}],"replies":[{"embeddable":true,"href":"https:\/\/www.eticaretmerkezim.com\/ecompw\/wp-json\/wp\/v2\/comments?post=11865"}],"version-history":[{"count":1,"href":"https:\/\/www.eticaretmerkezim.com\/ecompw\/wp-json\/wp\/v2\/pages\/11865\/revisions"}],"predecessor-version":[{"id":20625,"href":"https:\/\/www.eticaretmerkezim.com\/ecompw\/wp-json\/wp\/v2\/pages\/11865\/revisions\/20625"}],"wp:attachment":[{"href":"https:\/\/www.eticaretmerkezim.com\/ecompw\/wp-json\/wp\/v2\/media?parent=11865"}],"curies":[{"name":"wp","href":"https:\/\/api.w.org\/{rel}","templated":true}]}}