{"id":10921,"date":"2021-09-07T13:13:26","date_gmt":"2021-09-07T10:13:26","guid":{"rendered":"https:\/\/www.eticaretmerkezim.com\/ecompw\/?page_id=10921"},"modified":"2021-10-01T14:12:50","modified_gmt":"2021-10-01T11:12:50","slug":"fikret-tozak-ile-woocommerce-ile-sifirdan-e-ticaret-sitesi-olusturma-egitimi","status":"publish","type":"page","link":"https:\/\/www.eticaretmerkezim.com\/ecompw\/fikret-tozak-ile-woocommerce-ile-sifirdan-e-ticaret-sitesi-olusturma-egitimi\/","title":{"rendered":"Fikret Tozak ile WooCommerce ile S\u0131f\u0131rdan E-Ticaret Sitesi Olu\u015fturma E\u011fitimi"},"content":{"rendered":"<p style=\"text-align: center;\">Fikret Tozak ile WooCommerce ile S\u0131f\u0131rdan E-Ticaret Sitesi Olu\u015fturma E\u011fitimi Ba\u015fvuru S\u00fcresi Ge\u00e7mi\u015ftir.<\/p>\n","protected":false},"excerpt":{"rendered":"<p>Fikret Tozak ile WooCommerce ile S\u0131f\u0131rdan E-Ticaret Sitesi Olu\u015fturma E\u011fitimi Ba\u015fvuru S\u00fcresi Ge\u00e7mi\u015ftir.<\/p>\n","protected":false},"author":10,"featured_media":0,"parent":0,"menu_order":0,"comment_status":"closed","ping_status":"closed","template":"template-contact.php","meta":[],"_links":{"self":[{"href":"https:\/\/www.eticaretmerkezim.com\/ecompw\/wp-json\/wp\/v2\/pages\/10921"}],"collection":[{"href":"https:\/\/www.eticaretmerkezim.com\/ecompw\/wp-json\/wp\/v2\/pages"}],"about":[{"href":"https:\/\/www.eticaretmerkezim.com\/ecompw\/wp-json\/wp\/v2\/types\/page"}],"author":[{"embeddable":true,"href":"https:\/\/www.eticaretmerkezim.com\/ecompw\/wp-json\/wp\/v2\/users\/10"}],"replies":[{"embeddable":true,"href":"https:\/\/www.eticaretmerkezim.com\/ecompw\/wp-json\/wp\/v2\/comments?post=10921"}],"version-history":[{"count":1,"href":"https:\/\/www.eticaretmerkezim.com\/ecompw\/wp-json\/wp\/v2\/pages\/10921\/revisions"}],"predecessor-version":[{"id":19409,"href":"https:\/\/www.eticaretmerkezim.com\/ecompw\/wp-json\/wp\/v2\/pages\/10921\/revisions\/19409"}],"wp:attachment":[{"href":"https:\/\/www.eticaretmerkezim.com\/ecompw\/wp-json\/wp\/v2\/media?parent=10921"}],"curies":[{"name":"wp","href":"https:\/\/api.w.org\/{rel}","templated":true}]}}